{"id":198,"date":"2025-02-11T21:04:07","date_gmt":"2025-02-12T02:04:07","guid":{"rendered":"https:\/\/sepresac.provinfor.net\/?page_id=198"},"modified":"2025-02-11T23:11:49","modified_gmt":"2025-02-12T04:11:49","slug":"preguntas-frecuentes","status":"publish","type":"page","link":"https:\/\/sepresac.provinfor.net\/index.php\/preguntas-frecuentes\/","title":{"rendered":"Preguntas Frecuentes"},"content":{"rendered":"\n<div class=\"su-spoiler su-spoiler-style-fancy su-spoiler-icon-plus su-spoiler-closed\" data-scroll-offset=\"0\" data-anchor-in-url=\"no\"><div class=\"su-spoiler-title\" tabindex=\"0\" role=\"button\"><span class=\"su-spoiler-icon\"><\/span>\u00bfQue es la Constituci\u00f3n?<\/div><div class=\"su-spoiler-content su-u-clearfix su-u-trim\">La Constituci\u00f3n significa status, orden, conformaci\u00f3n, estructura, de un ente o de una organizaci\u00f3n en general.<\/p>\n\n\n\n<p>Una constituci\u00f3n es, ante todo la ley fundamental, la ley<br>suprema de un pa\u00eds. En ella se establecen las normas que<br>sirven de base para el gobierno del Estado, que regulan<br>las relaciones entre gobernantes y gobernados, as\u00ed como<br>la de los gobernados entre si.<br>O sea que la Constituci\u00f3n es el mecanismo de control del<br>poder y el mecanismo de organizaci\u00f3n de las<br>competencias y atribuciones de los \u00f3rganos del Estado.<br>La Constituci\u00f3n es, al mismo tiempo, el derecho<br>constitucional de la libertad y el poder<\/p>\n\n\n\n<p><\/p>\n\n\n\n<\/div><\/div>\n\n\n\n<div class=\"su-spoiler su-spoiler-style-fancy su-spoiler-icon-plus su-spoiler-closed\" data-scroll-offset=\"0\" data-anchor-in-url=\"no\"><div class=\"su-spoiler-title\" tabindex=\"0\" role=\"button\"><span class=\"su-spoiler-icon\"><\/span>\u00bfTipo de Constituci\u00f3n?<\/div><div class=\"su-spoiler-content su-u-clearfix su-u-trim\">Podemos mencionar  las siguientes <\/p>\n\n\n\n<p>1. Constituciones Escritas, <\/p>\n\n\n\n<p>2. Constituciones Consuetudinarias o no codificadas<\/div><\/div>\n\n\n\n<div class=\"su-spoiler su-spoiler-style-fancy su-spoiler-icon-plus su-spoiler-closed\" data-scroll-offset=\"0\" data-anchor-in-url=\"no\"><div class=\"su-spoiler-title\" tabindex=\"0\" role=\"button\"><span class=\"su-spoiler-icon\"><\/span>\u00bfQu\u00e9 tipo de Constituci\u00f3n tiene Panam\u00e1?<\/div><div class=\"su-spoiler-content su-u-clearfix su-u-trim\">Panam\u00e1 posee una Constituci\u00f3n Escrita<\/p>\n\n\n\n<p>Establece como forma de Estado  presidencialista con un sistema democr\u00e1tico de gobierno basado en tres \u00f3rganos separados: legislativo, ejecutivo, y judicial<\/div><\/div>\n\n\n\n<div class=\"su-spoiler su-spoiler-style-fancy su-spoiler-icon-plus su-spoiler-closed\" data-scroll-offset=\"0\" data-anchor-in-url=\"no\"><div class=\"su-spoiler-title\" tabindex=\"0\" role=\"button\"><span class=\"su-spoiler-icon\"><\/span>\u00bfQue significa Constituci\u00f3n?<\/div><div class=\"su-spoiler-content su-u-clearfix su-u-trim\">La Constituci\u00f3n significa status, orden, conformaci\u00f3n, estructura, de un ente o de una organizaci\u00f3n en general.<\/p>\n\n\n\n<p>Una constituci\u00f3n es, ante todo la ley fundamental, la ley<br>suprema de un pa\u00eds. En ella se establecen las normas que<br>sirven de base para el gobierno del Estado, que regulan<br>las relaciones entre gobernantes y gobernados, as\u00ed como<br>la de los gobernados entre si.<br>O sea que la Constituci\u00f3n es el mecanismo de control del<br>poder y el mecanismo de organizaci\u00f3n de las<br>competencias y atribuciones de los \u00f3rganos del Estado.<br>La Constituci\u00f3n es, al mismo tiempo, el derecho<br>constitucional de la libertad y el poder<\/p>\n\n\n\n<p><\/p>\n\n\n\n<\/div><\/div>\n\n\n\n<p><\/p>\n\n\n\n<div class=\"su-spoiler su-spoiler-style-fancy su-spoiler-icon-plus su-spoiler-closed\" data-scroll-offset=\"0\" data-anchor-in-url=\"no\"><div class=\"su-spoiler-title\" tabindex=\"0\" role=\"button\"><span class=\"su-spoiler-icon\"><\/span>\u00bf<strong>Que diferencia existe entre Constituci\u00f3n Flexible vs Constituci\u00f3n Rigida<\/strong>?<\/div><div class=\"su-spoiler-content su-u-clearfix su-u-trim\"> \u2022<strong>Constituci\u00f3n R\u00edgida<\/strong>: Necesita  de un Consenso pol\u00edtico y aprobaci\u00f3n de la sociedad.<\/p>\n\n\n\n<p class=\"has-small-font-size\">Ejemplo :La Constituci\u00f3n Espa\u00f1ola, La Constituci\u00f3n de Panam\u00e1<\/p>\n\n\n\n<p>\u2022<strong>Constituci\u00f3n Flexible<\/strong>: Puede ser modificada por una ley.<\/p>\n\n\n\n<p class=\"has-small-font-size\">Ejemplo :La Constituci\u00f3n Inglesa<\/p>\n\n\n\n<\/div><\/div>\n\n\n\n<div class=\"su-spoiler su-spoiler-style-fancy su-spoiler-icon-plus su-spoiler-closed\" data-scroll-offset=\"0\" data-anchor-in-url=\"no\"><div class=\"su-spoiler-title\" tabindex=\"0\" role=\"button\"><span class=\"su-spoiler-icon\"><\/span>\u00bf<strong>Existen Constituciones Flexibles en la Actualidad<\/strong>?<\/div><div class=\"su-spoiler-content su-u-clearfix su-u-trim\">Hoy en la pr\u00e1ctica, la totalidad de las constituciones son constituciones r\u00edgidas.&nbsp;<\/p>\n\n\n\n<p>El establecimiento de un procedimiento especial de reforma para la Constituci\u00f3n es una especie de requisito para que pueda clasificarse como tal a una Constituci\u00f3n.<\/p>\n\n\n\n<p>Por ello, en la actualidad de lo que realmente habr\u00eda que hablar ser\u00eda de Constituciones con mayor o menor grado de rigidez.<\/div><\/div>\n\n\n\n<p><\/p>\n\n\n\n<div class=\"su-spoiler su-spoiler-style-fancy su-spoiler-icon-plus su-spoiler-closed\" data-scroll-offset=\"0\" data-anchor-in-url=\"no\"><div class=\"su-spoiler-title\" tabindex=\"0\" role=\"button\"><span class=\"su-spoiler-icon\"><\/span>\u00bf<strong>Cuantas partes tiene una Constituci\u00f3n<\/strong>?<\/div><div class=\"su-spoiler-content su-u-clearfix su-u-trim\">Podemos mencionar las siguientes<\/p>\n\n\n\n<p>1. <strong>Pre\u00e1mbulo<\/strong> (Cuyo valor normatico var\u00eda de uno a otro Estado,<\/p>\n\n\n\n<p>2. <strong>Dogm\u00e1tica<\/strong> (Que contiene los principios fundamentales),<\/p>\n\n\n\n<p>3. <strong>Org\u00e1nica<\/strong> (Establece el ordenamiento jur\u00eddico social),<\/p>\n\n\n\n<p>4. <strong>Clausula de Reformas<\/strong> (Establece como se puede y debe reformar).<\/p>\n\n\n\n<\/div><\/div>\n\n\n\n<p><\/p>\n\n\n\n<div class=\"su-spoiler su-spoiler-style-fancy su-spoiler-icon-plus su-spoiler-closed\" data-scroll-offset=\"0\" data-anchor-in-url=\"no\"><div class=\"su-spoiler-title\" tabindex=\"0\" role=\"button\"><span class=\"su-spoiler-icon\"><\/span><strong>\u00bfDe que Depende la facilidad o la frecuencia con que Constituci\u00f3n se modifica?<\/strong><\/div><div class=\"su-spoiler-content su-u-clearfix su-u-trim\">Depender\u00e1 no solo de los procedimiento legales establecidos para ser enmendada, sino tambi\u00e9n de las fuerzas y grupos pol\u00edticos y sociales que predominan en la sociedad y de la medida en que estos apoyen la organizaci\u00f3n y la distribuci\u00f3n del poder pol\u00edtico establecido en la Constituci\u00f3n.<\/div><\/div>\n\n\n\n<p><\/p>\n\n\n\n<div class=\"su-spoiler su-spoiler-style-fancy su-spoiler-icon-plus su-spoiler-closed\" data-scroll-offset=\"0\" data-anchor-in-url=\"no\"><div class=\"su-spoiler-title\" tabindex=\"0\" role=\"button\"><span class=\"su-spoiler-icon\"><\/span>\u00bf<strong>Como ha sido la <strong>evoluci\u00f3n Hist\u00f3rica del Constitucionalismo<\/strong><\/strong> en Panam\u00e1?<\/div><div class=\"su-spoiler-content su-u-clearfix su-u-trim\">Panam\u00e1 ha tenido varias transformaciones nos enfocaremos en le Era Democr\u00e1tica<\/p>\n\n\n\n<ol class=\"wp-block-list\">\n<li><strong>Constituciones  <\/strong>1904, 1941, 1946, 1972<\/li>\n<\/ol>\n\n\n\n<p>2. <strong>Reformas Constitucionales:<\/strong> 1978, 1983, 1994, 2004<\/p>\n\n\n\n<figure class=\"wp-block-image size-full is-resized\"><img fetchpriority=\"high\" decoding=\"async\" width=\"886\" height=\"377\" src=\"https:\/\/sepresac.provinfor.net\/wp-content\/uploads\/2025\/02\/image-10.png\" alt=\"\" class=\"wp-image-262\" style=\"width:449px;height:auto\" srcset=\"https:\/\/sepresac.provinfor.net\/wp-content\/uploads\/2025\/02\/image-10.png 886w, https:\/\/sepresac.provinfor.net\/wp-content\/uploads\/2025\/02\/image-10-300x128.png 300w, https:\/\/sepresac.provinfor.net\/wp-content\/uploads\/2025\/02\/image-10-768x327.png 768w\" sizes=\"(max-width: 886px) 100vw, 886px\" \/><\/figure>\n\n\n\n<\/div><\/div>\n\n\n\n<div class=\"su-spoiler su-spoiler-style-fancy su-spoiler-icon-plus su-spoiler-closed\" data-scroll-offset=\"0\" data-anchor-in-url=\"no\"><div class=\"su-spoiler-title\" tabindex=\"0\" role=\"button\"><span class=\"su-spoiler-icon\"><\/span>\u00bfQu\u00e9 significa Constituyente?<\/div><div class=\"su-spoiler-content su-u-clearfix su-u-trim\">El termino  constituyente tiene su origen del franc\u00e9s <strong>\u201cCONSTITUANT\u201d<\/strong>\u00a0 y fue utilizado por primera vez durante la Revoluci\u00f3n francesa de 1789.<\/div><\/div>\n\n\n\n<p><\/p>\n\n\n\n<div class=\"su-spoiler su-spoiler-style-fancy su-spoiler-icon-plus su-spoiler-closed\" data-scroll-offset=\"0\" data-anchor-in-url=\"no\"><div class=\"su-spoiler-title\" tabindex=\"0\" role=\"button\"><span class=\"su-spoiler-icon\"><\/span>\u00bfQu\u00e9 diferencia podemos encontrar entre el <strong>Poder Constituyente<\/strong> vs el <strong>Poder constitu\u00eddo<\/strong>?<\/div><div class=\"su-spoiler-content su-u-clearfix su-u-trim\">Se puede presentar las siguientes diferencias <\/p>\n\n\n\n<figure class=\"wp-block-image size-full is-resized\"><img decoding=\"async\" width=\"924\" height=\"681\" src=\"https:\/\/sepresac.provinfor.net\/wp-content\/uploads\/2025\/02\/image-12.png\" alt=\"\" class=\"wp-image-269\" style=\"width:533px;height:auto\" srcset=\"https:\/\/sepresac.provinfor.net\/wp-content\/uploads\/2025\/02\/image-12.png 924w, https:\/\/sepresac.provinfor.net\/wp-content\/uploads\/2025\/02\/image-12-300x221.png 300w, https:\/\/sepresac.provinfor.net\/wp-content\/uploads\/2025\/02\/image-12-768x566.png 768w\" sizes=\"(max-width: 924px) 100vw, 924px\" \/><\/figure>\n\n\n\n<\/div><\/div>\n\n\n\n<div class=\"su-spoiler su-spoiler-style-fancy su-spoiler-icon-plus su-spoiler-closed\" data-scroll-offset=\"0\" data-anchor-in-url=\"no\"><div class=\"su-spoiler-title\" tabindex=\"0\" role=\"button\"><span class=\"su-spoiler-icon\"><\/span><strong>\u00bfPuede alg\u00fan otro poder estar por encima del Poder Constituyente?<\/strong><\/div><div class=\"su-spoiler-content su-u-clearfix su-u-trim\">Ning\u00fan otro poder puede estar por encima del poder constituyente porque el poder constituyente est\u00e1\u00a0 en el origen de todos lo poderes en su car\u00e1cter de expresi\u00f3n m\u00e1xima de la soberan\u00eda popular o nacional.<\/div><\/div>\n\n\n\n<p><\/p>\n\n\n\n<div class=\"su-spoiler su-spoiler-style-fancy su-spoiler-icon-plus su-spoiler-closed\" data-scroll-offset=\"0\" data-anchor-in-url=\"no\"><div class=\"su-spoiler-title\" tabindex=\"0\" role=\"button\"><span class=\"su-spoiler-icon\"><\/span><strong><strong>\u00bfQui\u00e9n Hace una Constituyente?<\/strong><\/strong><\/div><div class=\"su-spoiler-content su-u-clearfix su-u-trim\">La hace solo el pueblo quien como Poder Constituyente Originario es el verdadero titular de la soberan\u00eda nacional y el \u00fanico que posee la facultad de crear o hacer un nueva Constituci\u00f3n, as\u00ed como tambi\u00e9n, el de reformar una Constituci\u00f3n existente.<\/div><\/div>\n\n\n\n<p><\/p>\n","protected":false},"excerpt":{"rendered":"","protected":false},"author":2,"featured_media":0,"parent":0,"menu_order":0,"comment_status":"closed","ping_status":"closed","template":"","meta":{"footnotes":""},"class_list":["post-198","page","type-page","status-publish","hentry"],"_links":{"self":[{"href":"https:\/\/sepresac.provinfor.net\/index.php\/wp-json\/wp\/v2\/pages\/198","targetHints":{"allow":["GET"]}}],"collection":[{"href":"https:\/\/sepresac.provinfor.net\/index.php\/wp-json\/wp\/v2\/pages"}],"about":[{"href":"https:\/\/sepresac.provinfor.net\/index.php\/wp-json\/wp\/v2\/types\/page"}],"author":[{"embeddable":true,"href":"https:\/\/sepresac.provinfor.net\/index.php\/wp-json\/wp\/v2\/users\/2"}],"replies":[{"embeddable":true,"href":"https:\/\/sepresac.provinfor.net\/index.php\/wp-json\/wp\/v2\/comments?post=198"}],"version-history":[{"count":35,"href":"https:\/\/sepresac.provinfor.net\/index.php\/wp-json\/wp\/v2\/pages\/198\/revisions"}],"predecessor-version":[{"id":276,"href":"https:\/\/sepresac.provinfor.net\/index.php\/wp-json\/wp\/v2\/pages\/198\/revisions\/276"}],"wp:attachment":[{"href":"https:\/\/sepresac.provinfor.net\/index.php\/wp-json\/wp\/v2\/media?parent=198"}],"curies":[{"name":"wp","href":"https:\/\/api.w.org\/{rel}","templated":true}]}}