{"id":2,"date":"2024-12-20T01:44:23","date_gmt":"2024-12-20T00:44:23","guid":{"rendered":"https:\/\/sepresac.provinfor.net\/?page_id=2"},"modified":"2025-02-04T18:30:20","modified_gmt":"2025-02-04T23:30:20","slug":"inicio","status":"publish","type":"page","link":"https:\/\/sepresac.provinfor.net\/index.php\/inicio\/","title":{"rendered":"Antecedentes"},"content":{"rendered":"\n<blockquote class=\"wp-block-quote is-layout-flow wp-block-quote-is-layout-flow\">\n<p>Nuestro pa\u00eds est\u00e1 en un proceso muy trascendente para su desarrollo futuro: que tendr\u00e1 por tarea la redacci\u00f3n de una nueva Constituci\u00f3n para Panam\u00e1. En este proceso, es necesario destacar el rol que pueden cumplir el sector educativo , que son instituciones clave en la formaci\u00f3n integral de la juventud y en la creaci\u00f3n de nuevo conocimiento.<\/p>\n\n\n\n<p>La <strong>Secretar\u00eda <\/strong><strong>Presidencial<\/strong>&nbsp;para la&nbsp;<strong>Reorganizaci\u00f3n del Estado y Asuntos Constitucionales (<\/strong><strong>Sepresac<\/strong><strong>)<\/strong>, es la encargada de promover la nueva constituci\u00f3n esta fue creada mediante el&nbsp;<strong><a href=\"https:\/\/www.gacetaoficial.gob.pa\/pdfTemp\/30107\/107055.pdf\">Decreto Ejecutivo N\u00b0 488 del 28 de agosto de 2024<\/a><\/strong>. <\/p>\n\n\n\n<p>Secretar\u00eda, que estar\u00e1 bajo la jurisdicci\u00f3n del&nbsp;<strong><a href=\"https:\/\/www.tvn-2.com\/temas\/ministerio-de-la-presidencia\/\">Ministerio de la Presidencia<\/a><\/strong>&nbsp;y que dirige el ministro&nbsp;<strong><a href=\"https:\/\/www.tvn-2.com\/temas\/juan-carlos-orillac\/\">Juan Carlos Orillac<\/a><\/strong>, asesorar\u00e1 al mandatario sobre las acciones que debe tomar el presidente con respecto al proceso constitucional.<\/p>\n\n\n\n<p>El nuevo ente servir\u00e1 de enlace en la coordinaci\u00f3n de esfuerzos entre la sociedad civil, el sector p\u00fablico y el sector privado para llevar adelante \u201cun amplio proceso de consulta nacional\u201d sobre la reestructuraci\u00f3n del Estado y el proceso constituyente. Adem\u00e1s, se encargar\u00e1 de la difusi\u00f3n a todos los ciudadanos sobre los avances en este tema.<\/p>\n\n\n\n<p>El proceso para cambiar la&nbsp;<strong>Constituci\u00f3n<\/strong>&nbsp;ya est\u00e1 en marcha. Talleres, cabildos abiertos y disertaciones en algunas instituciones son los primeros pasos que ha dado la Secretar\u00eda Presidencial para la Reorganizaci\u00f3n del Estado y Asuntos Constitucionales (Sepresac). La tarea parece complicada, pero no imposible.<\/p>\n<\/blockquote>\n\n\n\n<p class=\"has-large-font-size\"><strong>Avanza proceso constituyente: se crea la Secretar\u00eda Presidencial<\/strong><\/p>\n\n\n\n<p><em>Dicha Secretar\u00eda, que estar\u00e1 bajo la jurisdicci\u00f3n del&nbsp;<a href=\"https:\/\/www.tvn-2.com\/temas\/ministerio-de-la-presidencia\/\">Ministerio de la Presidencia<\/a><\/em><\/p>\n\n\n\n<figure class=\"wp-block-image size-large\"><img fetchpriority=\"high\" decoding=\"async\" width=\"1024\" height=\"479\" src=\"https:\/\/sepresac.provinfor.net\/wp-content\/uploads\/2025\/02\/image-4-1024x479.png\" alt=\"\" class=\"wp-image-115\" srcset=\"https:\/\/sepresac.provinfor.net\/wp-content\/uploads\/2025\/02\/image-4-1024x479.png 1024w, https:\/\/sepresac.provinfor.net\/wp-content\/uploads\/2025\/02\/image-4-300x140.png 300w, https:\/\/sepresac.provinfor.net\/wp-content\/uploads\/2025\/02\/image-4-768x360.png 768w, https:\/\/sepresac.provinfor.net\/wp-content\/uploads\/2025\/02\/image-4.png 1414w\" sizes=\"(max-width: 1024px) 100vw, 1024px\" \/><\/figure>\n\n\n\n<p><\/p>\n\n\n\n<p><\/p>\n\n\n\n<p class=\"has-large-font-size\"><strong>Objetivo General de SEPRESAC<\/strong><\/p>\n\n\n\n<p><strong><em>El objetivo principal de la SEPRESAC es alfabetizar a la poblaci\u00f3n, a las autoridades del gobierno (sector p\u00fablico) y al sector empresarial para que comprendan el alcance y la relevancia del proceso constituyente.<\/em><\/strong><\/p>\n\n\n\n<p><\/p>\n\n\n\n<div class=\"wp-block-cover\" style=\"min-height:100px;aspect-ratio:unset;\"><span aria-hidden=\"true\" class=\"wp-block-cover__background has-background-dim\"><\/span><img decoding=\"async\" width=\"1024\" height=\"485\" class=\"wp-block-cover__image-background wp-image-149\" alt=\"\" src=\"https:\/\/sepresac.provinfor.net\/wp-content\/uploads\/2025\/02\/image-8-1024x485.png\" data-object-fit=\"cover\" srcset=\"https:\/\/sepresac.provinfor.net\/wp-content\/uploads\/2025\/02\/image-8-1024x485.png 1024w, https:\/\/sepresac.provinfor.net\/wp-content\/uploads\/2025\/02\/image-8-300x142.png 300w, https:\/\/sepresac.provinfor.net\/wp-content\/uploads\/2025\/02\/image-8-768x364.png 768w, https:\/\/sepresac.provinfor.net\/wp-content\/uploads\/2025\/02\/image-8-1536x727.png 1536w, https:\/\/sepresac.provinfor.net\/wp-content\/uploads\/2025\/02\/image-8-2048x970.png 2048w\" sizes=\"(max-width: 1024px) 100vw, 1024px\" \/><div class=\"wp-block-cover__inner-container is-layout-flow wp-block-cover-is-layout-flow\">\n<p class=\"has-text-align-center has-large-font-size\"><strong>Decreto Ejecutivo No. 488 del 28 de agosto de 2024. SEPRESAC<\/strong><\/p>\n<\/div><\/div>\n\n\n\n<p>OBJETIVO<\/p>\n\n\n\n<ul class=\"wp-block-list\">\n<li>\u2022Reorganizaci\u00f3n del Estado<\/li>\n\n\n\n<li>\u2022Proceso Constituyente<\/li>\n<\/ul>\n\n\n\n<p>METAS<\/p>\n\n\n\n<ul class=\"wp-block-list\">\n<li>\u2022Eficiencia Administrativa<\/li>\n\n\n\n<li>\u2022Transparencia y Rendici\u00f3n de Cuentas.<\/li>\n\n\n\n<li>\u2022Participaci\u00f3n Ciudadana<\/li>\n<\/ul>\n\n\n\n<figure class=\"wp-block-image size-full\"><img decoding=\"async\" width=\"121\" height=\"56\" src=\"https:\/\/sepresac.provinfor.net\/wp-content\/uploads\/2025\/02\/image-7.png\" alt=\"\" class=\"wp-image-139\"\/><\/figure>\n\n\n\n<p>DECRETO DE ASIGNACI\u00d3N<\/p>\n\n\n\n<figure class=\"wp-block-image size-large\"><img loading=\"lazy\" decoding=\"async\" width=\"1024\" height=\"801\" src=\"https:\/\/sepresac.provinfor.net\/wp-content\/uploads\/2025\/02\/image-2-1024x801.png\" alt=\"\" class=\"wp-image-113\" srcset=\"https:\/\/sepresac.provinfor.net\/wp-content\/uploads\/2025\/02\/image-2-1024x801.png 1024w, https:\/\/sepresac.provinfor.net\/wp-content\/uploads\/2025\/02\/image-2-300x235.png 300w, https:\/\/sepresac.provinfor.net\/wp-content\/uploads\/2025\/02\/image-2-768x601.png 768w, https:\/\/sepresac.provinfor.net\/wp-content\/uploads\/2025\/02\/image-2.png 1311w\" sizes=\"(max-width: 1024px) 100vw, 1024px\" \/><\/figure>\n\n\n\n<p><em>Autor:&nbsp;Miguel Antonio Bernal V.<br>Profesi\u00f3n:&nbsp;Catedr\u00e1tico de Derecho Constitucional<\/em>, Abogado Constitucionalista, escritor, radiocomentarista, pol\u00edtico y activista paname\u00f1o.\u200b Es doctor en Ciencias Pol\u00edticas por la Universidad de Burdeos y doctor honoris causa en la Universidad de Lehigh.<\/p>\n\n\n\n<p><em>La Estrategia Nacional para el A\u00f1o de la Alfabetizaci\u00f3n Constitucional 2025 para el Proceso constituyente tiene como prop\u00f3sito central preparar a la ciudadan\u00eda paname\u00f1a para protagonizarse activamente, y con conocimiento, en el proceso constituyente que definir\u00e1 un nuevo pacto social de todos, para todos y, con todos. <\/em><em>Esta estrategia considera la diversidad cultural, social y educativa de Panam\u00e1, y busca garantizar la inclusi\u00f3n de todos los sectores en un di\u00e1logo y debate nacional fundamentado en principios democr\u00e1ticos, pedag\u00f3gicos, sociol\u00f3gicos y pol\u00edticos<\/em>.<\/p>\n\n\n\n<p><strong>La palabras favoritas y muy acertada del<\/strong> <strong>Dr. Miquel Antonio Bernal V<\/strong>.<\/p>\n\n\n\n<p class=\"has-x-large-font-size\"><strong>Sin Prisa pero con pausa<\/strong><\/p>\n\n\n\n<p><\/p>\n","protected":false},"excerpt":{"rendered":"<p>Nuestro pa\u00eds est\u00e1 en un proceso muy trascendente para su desarrollo futuro: que tendr\u00e1 por tarea la redacci\u00f3n de una nueva Constituci\u00f3n para Panam\u00e1. En este proceso, es necesario destacar el rol que pueden cumplir el sector educativo , que son instituciones clave en la formaci\u00f3n integral de la juventud y en la creaci\u00f3n de [&hellip;]<\/p>\n","protected":false},"author":1,"featured_media":0,"parent":0,"menu_order":0,"comment_status":"closed","ping_status":"closed","template":"","meta":{"footnotes":""},"class_list":["post-2","page","type-page","status-publish","hentry"],"_links":{"self":[{"href":"https:\/\/sepresac.provinfor.net\/index.php\/wp-json\/wp\/v2\/pages\/2","targetHints":{"allow":["GET"]}}],"collection":[{"href":"https:\/\/sepresac.provinfor.net\/index.php\/wp-json\/wp\/v2\/pages"}],"about":[{"href":"https:\/\/sepresac.provinfor.net\/index.php\/wp-json\/wp\/v2\/types\/page"}],"author":[{"embeddable":true,"href":"https:\/\/sepresac.provinfor.net\/index.php\/wp-json\/wp\/v2\/users\/1"}],"replies":[{"embeddable":true,"href":"https:\/\/sepresac.provinfor.net\/index.php\/wp-json\/wp\/v2\/comments?post=2"}],"version-history":[{"count":16,"href":"https:\/\/sepresac.provinfor.net\/index.php\/wp-json\/wp\/v2\/pages\/2\/revisions"}],"predecessor-version":[{"id":184,"href":"https:\/\/sepresac.provinfor.net\/index.php\/wp-json\/wp\/v2\/pages\/2\/revisions\/184"}],"wp:attachment":[{"href":"https:\/\/sepresac.provinfor.net\/index.php\/wp-json\/wp\/v2\/media?parent=2"}],"curies":[{"name":"wp","href":"https:\/\/api.w.org\/{rel}","templated":true}]}}