{"id":49,"date":"2024-12-27T01:59:09","date_gmt":"2024-12-27T06:59:09","guid":{"rendered":"https:\/\/sepresac.provinfor.net\/?page_id=49"},"modified":"2024-12-27T02:14:05","modified_gmt":"2024-12-27T07:14:05","slug":"contactanos","status":"publish","type":"page","link":"https:\/\/sepresac.provinfor.net\/index.php\/contactanos\/","title":{"rendered":"Cont\u00e1ctanos"},"content":{"rendered":"<div class=\"wpforms-container wpforms-container-full wpforms-block wpforms-block-08154634-ee16-4e94-8fc2-6119c2131da2 wpforms-render-modern\" id=\"wpforms-45\"><form id=\"wpforms-form-45\" class=\"wpforms-validate wpforms-form wpforms-ajax-form\" data-formid=\"45\" method=\"post\" enctype=\"multipart\/form-data\" action=\"\/index.php\/wp-json\/wp\/v2\/pages\/49\" data-token=\"1572af86e68fc2f173da64fc15ed7582\" data-token-time=\"1778073838\"><div class=\"wpforms-head-container\"><div class=\"wpforms-description\">Todos los ciudadanos son importante en este Proceso Constituyente. \r\nCom\u00e9ntanos si est\u00e1s interesado en ser parte activa en este proceso, tu provincia y distrito donde vives.<\/div><\/div><noscript class=\"wpforms-error-noscript\">Por favor, activa JavaScript en tu navegador para completar este formulario.<\/noscript><div class=\"wpforms-hidden\" id=\"wpforms-error-noscript\">Por favor, activa JavaScript en tu navegador para completar este formulario.<\/div><div class=\"wpforms-field-container\"><div id=\"wpforms-45-field_1-container\" class=\"wpforms-field wpforms-field-name\" data-field-id=\"1\"><fieldset><legend class=\"wpforms-field-label\">Nombre <span class=\"wpforms-required-label\" aria-hidden=\"true\">*<\/span><\/legend><div class=\"wpforms-field-row wpforms-field-medium\"><div class=\"wpforms-field-row-block wpforms-first wpforms-one-half\"><input type=\"text\" id=\"wpforms-45-field_1\" class=\"wpforms-field-name-first wpforms-field-required\" name=\"wpforms[fields][1][first]\" aria-errormessage=\"wpforms-45-field_1-error\" required><label for=\"wpforms-45-field_1\" class=\"wpforms-field-sublabel after\">Nombre<\/label><\/div><div class=\"wpforms-field-row-block wpforms-one-half\"><input type=\"text\" id=\"wpforms-45-field_1-last\" class=\"wpforms-field-name-last wpforms-field-required\" name=\"wpforms[fields][1][last]\" aria-errormessage=\"wpforms-45-field_1-last-error\" required><label for=\"wpforms-45-field_1-last\" class=\"wpforms-field-sublabel after\">Apellidos<\/label><\/div><\/div><\/fieldset><\/div><div id=\"wpforms-45-field_2-container\" class=\"wpforms-field wpforms-field-email\" data-field-id=\"2\"><label class=\"wpforms-field-label\" for=\"wpforms-45-field_2\">Correo electr\u00f3nico <span class=\"wpforms-required-label\" aria-hidden=\"true\">*<\/span><\/label><input type=\"email\" id=\"wpforms-45-field_2\" class=\"wpforms-field-medium wpforms-field-required\" name=\"wpforms[fields][2]\" spellcheck=\"false\" aria-errormessage=\"wpforms-45-field_2-error\" required><\/div><div id=\"wpforms-45-field_4-container\" class=\"wpforms-field wpforms-field-select wpforms-field-select-style-classic\" data-field-id=\"4\"><label class=\"wpforms-field-label\" for=\"wpforms-45-field_4\">Provincia <span class=\"wpforms-required-label\" aria-hidden=\"true\">*<\/span><\/label><select id=\"wpforms-45-field_4\" class=\"wpforms-field-medium wpforms-field-required\" name=\"wpforms[fields][4]\" required=\"required\"><option value=\"Bocas del Toro\" >Bocas del Toro<\/option><option value=\"Cocl\u00e9\" >Cocl\u00e9<\/option><option value=\"Col\u00f3n\" >Col\u00f3n<\/option><option value=\"Chiriqu\u00ed\" >Chiriqu\u00ed<\/option><option value=\"Dari\u00e9n\" >Dari\u00e9n<\/option><option value=\"Ember\u00e1-Wounaan\" >Ember\u00e1-Wounaan<\/option><option value=\"Guna Yala\" >Guna Yala<\/option><option value=\"Herrera\" >Herrera<\/option><option value=\"Los Santos\" >Los Santos<\/option><option value=\"Ng\u00f6be-Bugl\u00e9\" >Ng\u00f6be-Bugl\u00e9<\/option><option value=\"Panam\u00e1\" >Panam\u00e1<\/option><option value=\"Panam\u00e1 Oeste\" >Panam\u00e1 Oeste<\/option><option value=\"Veraguas\" >Veraguas<\/option><\/select><\/div><div id=\"wpforms-45-field_7-container\" class=\"wpforms-field wpforms-field-text\" data-field-id=\"7\"><label class=\"wpforms-field-label\" for=\"wpforms-45-field_7\">Distrito<\/label><input type=\"text\" id=\"wpforms-45-field_7\" class=\"wpforms-field-medium\" name=\"wpforms[fields][7]\" aria-errormessage=\"wpforms-45-field_7-error\" ><\/div><div id=\"wpforms-45-field_5-container\" class=\"wpforms-field wpforms-field-number\" data-field-id=\"5\"><label class=\"wpforms-field-label\" for=\"wpforms-45-field_5\">N\u00fameros de Tel\u00e9fono<\/label><input type=\"number\" id=\"wpforms-45-field_5\" class=\"wpforms-field-medium\" name=\"wpforms[fields][5]\" aria-errormessage=\"wpforms-45-field_5-error\" aria-describedby=\"wpforms-45-field_5-description\" ><div id=\"wpforms-45-field_5-description\" class=\"wpforms-field-description\">D\u00e9janos tu n\u00famero si desea ser contactado por tel\u00e9fono.<\/div><\/div><div id=\"wpforms-45-field_3-container\" class=\"wpforms-field wpforms-field-textarea\" data-field-id=\"3\"><label class=\"wpforms-field-label\" for=\"wpforms-45-field_3\">Comentario o mensaje<\/label><textarea id=\"wpforms-45-field_3\" class=\"wpforms-field-medium\" name=\"wpforms[fields][3]\" aria-errormessage=\"wpforms-45-field_3-error\" ><\/textarea><\/div><\/div><!-- .wpforms-field-container --><div class=\"wpforms-submit-container\" ><input type=\"hidden\" name=\"wpforms[id]\" value=\"45\"><input type=\"hidden\" name=\"page_title\" value=\"\"><input type=\"hidden\" name=\"page_url\" value=\"https:\/\/sepresac.provinfor.net\/index.php\/wp-json\/wp\/v2\/pages\/49\"><button type=\"submit\" name=\"wpforms[submit]\" id=\"wpforms-submit-45\" class=\"wpforms-submit\" data-alt-text=\"Enviando...\" data-submit-text=\"Enviar\" aria-live=\"assertive\" value=\"wpforms-submit\">Enviar<\/button><img decoding=\"async\" src=\"https:\/\/sepresac.provinfor.net\/wp-content\/plugins\/wpforms-lite\/assets\/images\/submit-spin.svg\" class=\"wpforms-submit-spinner\" style=\"display: none;\" width=\"26\" height=\"26\" alt=\"Cargando\"><\/div><\/form><\/div>  <!-- .wpforms-container -->","protected":false},"excerpt":{"rendered":"","protected":false},"author":1,"featured_media":0,"parent":0,"menu_order":0,"comment_status":"closed","ping_status":"closed","template":"","meta":{"footnotes":""},"class_list":["post-49","page","type-page","status-publish","hentry"],"_links":{"self":[{"href":"https:\/\/sepresac.provinfor.net\/index.php\/wp-json\/wp\/v2\/pages\/49","targetHints":{"allow":["GET"]}}],"collection":[{"href":"https:\/\/sepresac.provinfor.net\/index.php\/wp-json\/wp\/v2\/pages"}],"about":[{"href":"https:\/\/sepresac.provinfor.net\/index.php\/wp-json\/wp\/v2\/types\/page"}],"author":[{"embeddable":true,"href":"https:\/\/sepresac.provinfor.net\/index.php\/wp-json\/wp\/v2\/users\/1"}],"replies":[{"embeddable":true,"href":"https:\/\/sepresac.provinfor.net\/index.php\/wp-json\/wp\/v2\/comments?post=49"}],"version-history":[{"count":3,"href":"https:\/\/sepresac.provinfor.net\/index.php\/wp-json\/wp\/v2\/pages\/49\/revisions"}],"predecessor-version":[{"id":55,"href":"https:\/\/sepresac.provinfor.net\/index.php\/wp-json\/wp\/v2\/pages\/49\/revisions\/55"}],"wp:attachment":[{"href":"https:\/\/sepresac.provinfor.net\/index.php\/wp-json\/wp\/v2\/media?parent=49"}],"curies":[{"name":"wp","href":"https:\/\/api.w.org\/{rel}","templated":true}]}}