{"id":65,"date":"2025-02-04T12:55:55","date_gmt":"2025-02-04T17:55:55","guid":{"rendered":"https:\/\/sepresac.provinfor.net\/?page_id=65"},"modified":"2025-02-11T20:24:31","modified_gmt":"2025-02-12T01:24:31","slug":"nosotros","status":"publish","type":"page","link":"https:\/\/sepresac.provinfor.net\/index.php\/nosotros\/","title":{"rendered":"Nosotros"},"content":{"rendered":"\n<p>La <strong>Secretar\u00eda Presidencial para la Reorganizaci\u00f3n del Estado y Asuntos Constitucionales<\/strong> (SEPRESAC), creada mediante el <a href=\"https:\/\/www.gacetaoficial.gob.pa\/pdfTemp\/30107\/107055.pdf\">decreto ejecutivo No.448<\/a>, del 28 de octubre de 2024, est\u00e1 adscrita al Ministerio de la Presidencia, como instancia de consulta y coordinaci\u00f3n del \u00d3rgano Ejecutivo en todo lo relacionado con las pol\u00edticas, acciones y medidas para la reorganizaci\u00f3n del Estado y el desarrollo e implementaci\u00f3n de un proceso constituyente.<\/p>\n\n\n\n<p class=\"has-system-serif-font-family has-large-font-size\"><strong>Funciones<\/strong><\/p>\n\n\n\n<p>Tendr\u00e1 las siguientes funciones:<\/p>\n\n\n\n<ol class=\"wp-block-list\">\n<li>Asesorar al Presidente de la Rep\u00fablica en todo lo referente al desarrollo e implementaci\u00f3n de las acciones y medidas ejecutivas necesarias para la <strong>reestructuraci\u00f3n del Estado y el proceso Constituyente<\/strong>.<\/li>\n\n\n\n<li>Recomendar al Presidente de la Rep\u00fablica un plan de acci\u00f3n de las medidas a considerar y ejecutar para el cumplimiento de los fines de La Secretar\u00eda Presidencial.<\/li>\n\n\n\n<li>Servir de enlace en la coordinaci\u00f3n de esfuerzos entre la sociedad civil, el sector p\u00fablico y el sector privado para llevar adelante un <strong>amplio proceso de consulta nacional<\/strong> acerca de las acciones y medidas tendientes a la ejecuci\u00f3n de reestructuraci\u00f3n del Estado y el proceso constituyente.<\/li>\n\n\n\n<li>Coordinar la difusi\u00f3n a toda la poblaci\u00f3n paname\u00f1a, de las acciones y medidas requeridas para la reorganizaci\u00f3n del Estado y el proceso constituyente para lo cual podr\u00e1 requerir el <strong>apoyo de las unidades p\u00fablicas y privadas, as\u00ed como de otras instituciones acad\u00e9micas de ense\u00f1anza primaria, secundaria y t\u00e9cnicas, tanto p\u00fablica como privada existente en el pa\u00eds<\/strong>.<\/li>\n<\/ol>\n\n\n\n<p class=\"has-large-font-size\"><strong>Estrategia Nacional<\/strong><\/p>\n\n\n\n<p>La Estrategia Nacional para el A\u00f1o de la Alfabetizaci\u00f3n Constitucional 2025 para el Proceso Constituyente tiene como prop\u00f3sito central preparar a la ciudadan\u00eda paname\u00f1a para protagonizarse activamente, y con conocimiento, en el proceso constituyente que definir\u00e1 un nuevo pacto social de todos, para todos y, con todos.<\/p>\n\n\n\n<p><br>Esta estrategia considera la diversidad cultural, social y educativa de Panam\u00e1, y busca garantizar la inclusi\u00f3n de todos los sectores en un di\u00e1logo y debate nacional fundamentado en principios democr\u00e1ticos, pedag\u00f3gicos, sociol\u00f3gicos y pol\u00edticos.<\/p>\n\n\n\n<p class=\"has-system-serif-font-family has-large-font-size\"><strong>Visi\u00f3n<\/strong><\/p>\n\n\n\n<p>Consolidar un movimiento nacional de alfabetizaci\u00f3n constitucional que empodere a la ciudadan\u00eda con los conocimientos y competencias necesarias para participar activamente en el dise\u00f1o de una nueva Constituci\u00f3n Pol\u00edtica, fortaleciendo la democracia participativa y protag\u00f3nica, la justicia social y el Estado Constitucional de Derecho.<\/p>\n\n\n\n<p class=\"has-system-serif-font-family has-large-font-size\"><strong>Misi\u00f3n<\/strong><\/p>\n\n\n\n<p>Coordinar esfuerzos interinstitucionales, sectoriales y comunitarios para dise\u00f1ar, implementar y evaluar un plan de alfabetizaci\u00f3n constitucional que garantice que todos los paname\u00f1os comprendan los principios fundamentales de la Constituci\u00f3n, las funciones del Estado y la relevancia del <strong>Proceso Constituyente Originario<\/strong>.<\/p>\n\n\n\n<p class=\"has-system-serif-font-family has-large-font-size\"><strong>Objetivos Generales<\/strong><\/p>\n\n\n\n<ul class=\"wp-block-list\">\n<li><strong>Empoderar a la ciudadan\u00eda:<\/strong> brindar a cada ciudadano paname\u00f1o las herramientas necesarias para comprender y contribuir al proceso constituyente originario.<\/li>\n\n\n\n<li><strong>Fortalecer la cultura c\u00edvica:<\/strong> Promover valores de participaci\u00f3n democr\u00e1tica, inclusi\u00f3n y justicia social.<\/li>\n\n\n\n<li><strong>Reducir las brechas de conocimiento:<\/strong> dise\u00f1ar estrategias espec\u00edficas para llegar a comunidades rurales, ind\u00edgenas, urbanas y sectores vulnerables para comprender y contribuir al proceso constituyente originario.<\/li>\n<\/ul>\n\n\n\n<p class=\"has-system-serif-font-family has-large-font-size\"><strong>Objetivos Espec\u00edficos<\/strong><\/p>\n\n\n\n<ul class=\"wp-block-list\">\n<li>Desarrollar un curr\u00edculo de alfabetizaci\u00f3n constitucional adaptado a diferentes niveles educativos y socioecon\u00f3micos.<\/li>\n\n\n\n<li>Capacitar a un cuerpo nacional de alfabetizadores constitucionales provenientes de diversos sectores (docentes, l\u00edderes comunitarios, estudiantes universitarios, entre otros).<\/li>\n\n\n\n<li>Implementar campa\u00f1as de sensibilizaci\u00f3n a trav\u00e9s de medios tradicionales y digitales.<\/li>\n\n\n\n<li>Crear espacios de di\u00e1logo ciudadano para la reflexi\u00f3n cr\u00edtica sobre los pilares del nuevo pacto social.<\/li>\n\n\n\n<li>Generar materiales pedag\u00f3gicos y andrag\u00f3gicos accesibles e inclusivos en espa\u00f1ol y lenguas ind\u00edgenas.<\/li>\n<\/ul>\n","protected":false},"excerpt":{"rendered":"<p>La Secretar\u00eda Presidencial para la Reorganizaci\u00f3n del Estado y Asuntos Constitucionales (SEPRESAC), creada mediante el decreto ejecutivo No.448, del 28 de octubre de 2024, est\u00e1 adscrita al Ministerio de la Presidencia, como instancia de consulta y coordinaci\u00f3n del \u00d3rgano Ejecutivo en todo lo relacionado con las pol\u00edticas, acciones y medidas para la reorganizaci\u00f3n del Estado [&hellip;]<\/p>\n","protected":false},"author":1,"featured_media":0,"parent":0,"menu_order":0,"comment_status":"closed","ping_status":"closed","template":"","meta":{"footnotes":""},"class_list":["post-65","page","type-page","status-publish","hentry"],"_links":{"self":[{"href":"https:\/\/sepresac.provinfor.net\/index.php\/wp-json\/wp\/v2\/pages\/65","targetHints":{"allow":["GET"]}}],"collection":[{"href":"https:\/\/sepresac.provinfor.net\/index.php\/wp-json\/wp\/v2\/pages"}],"about":[{"href":"https:\/\/sepresac.provinfor.net\/index.php\/wp-json\/wp\/v2\/types\/page"}],"author":[{"embeddable":true,"href":"https:\/\/sepresac.provinfor.net\/index.php\/wp-json\/wp\/v2\/users\/1"}],"replies":[{"embeddable":true,"href":"https:\/\/sepresac.provinfor.net\/index.php\/wp-json\/wp\/v2\/comments?post=65"}],"version-history":[{"count":3,"href":"https:\/\/sepresac.provinfor.net\/index.php\/wp-json\/wp\/v2\/pages\/65\/revisions"}],"predecessor-version":[{"id":204,"href":"https:\/\/sepresac.provinfor.net\/index.php\/wp-json\/wp\/v2\/pages\/65\/revisions\/204"}],"wp:attachment":[{"href":"https:\/\/sepresac.provinfor.net\/index.php\/wp-json\/wp\/v2\/media?parent=65"}],"curies":[{"name":"wp","href":"https:\/\/api.w.org\/{rel}","templated":true}]}}